{"id":70,"date":"2025-04-23T08:56:58","date_gmt":"2025-04-23T08:56:58","guid":{"rendered":"https:\/\/grupalliguitars.com\/francais\/bio\/"},"modified":"2025-05-20T19:04:15","modified_gmt":"2025-05-20T19:04:15","slug":"bio","status":"publish","type":"page","link":"https:\/\/grupalliguitars.com\/francais\/bio\/","title":{"rendered":"Bio"},"content":{"rendered":"\t\t<div data-elementor-type=\"wp-page\" data-elementor-id=\"70\" class=\"elementor elementor-70\">\n\t\t\t\t<div class=\"elementor-element elementor-element-7dac35e2 e-flex e-con-boxed wpr-particle-no wpr-jarallax-no wpr-parallax-no wpr-sticky-section-no e-con e-parent\" data-id=\"7dac35e2\" data-element_type=\"container\" data-settings=\"{&quot;background_background&quot;:&quot;classic&quot;}\">\n\t\t\t\t\t<div class=\"e-con-inner\">\n\t\t<div class=\"elementor-element elementor-element-2476662c e-con-full e-flex wpr-particle-no wpr-jarallax-no wpr-parallax-no wpr-sticky-section-no e-con e-child\" data-id=\"2476662c\" data-element_type=\"container\">\n\t\t<div class=\"elementor-element elementor-element-52afc7ab e-con-full e-flex wpr-particle-no wpr-jarallax-no wpr-parallax-no wpr-sticky-section-no e-con e-child\" data-id=\"52afc7ab\" data-element_type=\"container\">\n\t\t\t\t<div class=\"elementor-element elementor-element-70bd8526 elementor-widget elementor-widget-image\" data-id=\"70bd8526\" data-element_type=\"widget\" data-widget_type=\"image.default\">\n\t\t\t\t<div class=\"elementor-widget-container\">\n\t\t\t\t\t\t\t\t\t\t\t\t\t\t\t<img fetchpriority=\"high\" decoding=\"async\" width=\"768\" height=\"977\" src=\"https:\/\/grupalliguitars.com\/francais\/wp-content\/uploads\/2025\/04\/bio_-1-768x977.png\" class=\"attachment-medium_large size-medium_large wp-image-28\" alt=\"\" srcset=\"https:\/\/grupalliguitars.com\/francais\/wp-content\/uploads\/2025\/04\/bio_-1-768x977.png 768w, https:\/\/grupalliguitars.com\/francais\/wp-content\/uploads\/2025\/04\/bio_-1-236x300.png 236w, https:\/\/grupalliguitars.com\/francais\/wp-content\/uploads\/2025\/04\/bio_-1-805x1024.png 805w, https:\/\/grupalliguitars.com\/francais\/wp-content\/uploads\/2025\/04\/bio_-1.png 1200w\" sizes=\"(max-width: 768px) 100vw, 768px\" \/>\t\t\t\t\t\t\t\t\t\t\t\t\t\t\t<\/div>\n\t\t\t\t<\/div>\n\t\t\t\t<div class=\"elementor-element elementor-element-1ad22a14 elementor-widget elementor-widget-image\" data-id=\"1ad22a14\" data-element_type=\"widget\" data-widget_type=\"image.default\">\n\t\t\t\t<div class=\"elementor-widget-container\">\n\t\t\t\t\t\t\t\t\t\t\t\t\t\t\t<img decoding=\"async\" width=\"768\" height=\"1152\" src=\"https:\/\/grupalliguitars.com\/francais\/wp-content\/uploads\/2025\/04\/DSC0063-scaled-1-768x1152.jpg\" class=\"attachment-medium_large size-medium_large wp-image-45\" alt=\"\" srcset=\"https:\/\/grupalliguitars.com\/francais\/wp-content\/uploads\/2025\/04\/DSC0063-scaled-1-768x1152.jpg 768w, https:\/\/grupalliguitars.com\/francais\/wp-content\/uploads\/2025\/04\/DSC0063-scaled-1-200x300.jpg 200w, https:\/\/grupalliguitars.com\/francais\/wp-content\/uploads\/2025\/04\/DSC0063-scaled-1-683x1024.jpg 683w, https:\/\/grupalliguitars.com\/francais\/wp-content\/uploads\/2025\/04\/DSC0063-scaled-1-1024x1536.jpg 1024w, https:\/\/grupalliguitars.com\/francais\/wp-content\/uploads\/2025\/04\/DSC0063-scaled-1-1366x2048.jpg 1366w, https:\/\/grupalliguitars.com\/francais\/wp-content\/uploads\/2025\/04\/DSC0063-scaled-1.jpg 1707w\" sizes=\"(max-width: 768px) 100vw, 768px\" \/>\t\t\t\t\t\t\t\t\t\t\t\t\t\t\t<\/div>\n\t\t\t\t<\/div>\n\t\t\t\t<\/div>\n\t\t<div class=\"elementor-element elementor-element-3459c84d e-con-full e-flex wpr-particle-no wpr-jarallax-no wpr-parallax-no wpr-sticky-section-no e-con e-child\" data-id=\"3459c84d\" data-element_type=\"container\">\n\t\t\t\t<div class=\"elementor-element elementor-element-4611ab1c elementor-widget elementor-widget-heading\" data-id=\"4611ab1c\" data-element_type=\"widget\" data-widget_type=\"heading.default\">\n\t\t\t\t<div class=\"elementor-widget-container\">\n\t\t\t\t\t<h2 class=\"elementor-heading-title elementor-size-default\">BIO<\/h2>\t\t\t\t<\/div>\n\t\t\t\t<\/div>\n\t\t\t\t<div class=\"elementor-element elementor-element-2bdf0739 elementor-widget-divider--separator-type-pattern elementor-widget-divider--no-spacing elementor-widget-divider--view-line elementor-widget elementor-widget-divider\" data-id=\"2bdf0739\" data-element_type=\"widget\" data-widget_type=\"divider.default\">\n\t\t\t\t<div class=\"elementor-widget-container\">\n\t\t\t\t\t\t\t<div class=\"elementor-divider\" style=\"--divider-pattern-url: url(&quot;data:image\/svg+xml,%3Csvg xmlns=&#039;http:\/\/www.w3.org\/2000\/svg&#039; preserveAspectRatio=&#039;xMidYMid meet&#039; overflow=&#039;visible&#039; height=&#039;100%&#039; viewBox=&#039;0 0 126 26&#039; fill=&#039;black&#039; stroke=&#039;none&#039;%3E%3Cpath d=&#039;M3,10.2c2.6,0,2.6,2,2.6,3.2S4.4,16.5,3,16.5s-3-1.4-3-3.2S0.4,10.2,3,10.2z M18.8,10.2c1.7,0,3.2,1.4,3.2,3.2s-1.4,3.2-3.2,3.2c-1.7,0-3.2-1.4-3.2-3.2S17,10.2,18.8,10.2z M34.6,10.2c1.5,0,2.6,1.4,2.6,3.2s-0.5,3.2-1.9,3.2c-1.5,0-3.4-1.4-3.4-3.2S33.1,10.2,34.6,10.2z M50.5,10.2c1.7,0,3.2,1.4,3.2,3.2s-1.4,3.2-3.2,3.2c-1.7,0-3.3-0.9-3.3-2.6S48.7,10.2,50.5,10.2z M66.2,10.2c1.5,0,3.4,1.4,3.4,3.2s-1.9,3.2-3.4,3.2c-1.5,0-2.6-0.4-2.6-2.1S64.8,10.2,66.2,10.2z M82.2,10.2c1.7,0.8,2.6,1.4,2.6,3.2s-0.1,3.2-1.6,3.2c-1.5,0-3.7-1.4-3.7-3.2S80.5,9.4,82.2,10.2zM98.6,10.2c1.5,0,2.6,0.4,2.6,2.1s-1.2,4.2-2.6,4.2c-1.5,0-3.7-0.4-3.7-2.1S97.1,10.2,98.6,10.2z M113.4,10.2c1.2,0,2.2,0.9,2.2,3.2s-0.1,3.2-1.3,3.2s-3.1-1.4-3.1-3.2S112.2,10.2,113.4,10.2z&#039;\/%3E%3C\/svg%3E&quot;);\">\n\t\t\t<span class=\"elementor-divider-separator\">\n\t\t\t\t\t\t<\/span>\n\t\t<\/div>\n\t\t\t\t\t\t<\/div>\n\t\t\t\t<\/div>\n\t\t\t\t<div class=\"elementor-element elementor-element-76e6f539 elementor-widget elementor-widget-elementskit-heading\" data-id=\"76e6f539\" data-element_type=\"widget\" data-widget_type=\"elementskit-heading.default\">\n\t\t\t\t<div class=\"elementor-widget-container\">\n\t\t\t\t\t<div class=\"ekit-wid-con\" ><div class=\"ekit-heading elementskit-section-title-wraper text_left   ekit_heading_tablet-   ekit_heading_mobile-\">\t\t\t\t<div class='ekit-heading__description'>\n\t\t\t\t\t<p class=\"p1\">J\u2019ai appris la lutherie guitare en 1998 avec les ma\u00eetres luthiers Joaqu\u00edn Garc\u00eda Fernandez et Stephen Hill. J\u2019ai \u00e9galement\u00a0 suivi des formations\u00a0 \u00e0 l\u2019\u00e9cole de lutherie de San Miguel de Tucum\u00e1n en Argentine et obtenu mon dipl\u00f4me de luthier \u00e0 l\u2019\u00e9cole de Newark en Trent (Angleterre) en 2009.<\/p>\n<p class=\"p1\">Inspir\u00e9 par le travail de certains grands ma\u00eetres\u00a0 comme Antonio de Torres, Herman Hauser I, Ignacio Fleta, j'utilise des m\u00e9thodes traditionnelles et des bois anciens pour la fabrication de mes guitares.<\/p>\n<p>J\u2019ai choisi de m\u2019installer dans la ville de Mirecourt dans les Vosges en raison de sa riche histoire dans le domaine de la lutherie.<\/p>\n\t\t\t\t<\/div>\n\t\t\t<\/div><\/div>\t\t\t\t<\/div>\n\t\t\t\t<\/div>\n\t\t\t\t<\/div>\n\t\t\t\t<\/div>\n\t\t\t\t\t<\/div>\n\t\t\t\t<\/div>\n\t\t\t\t<\/div>\n\t\t","protected":false},"excerpt":{"rendered":"<p>BIO J\u2019ai appris la lutherie guitare en 1998 avec les ma\u00eetres luthiers Joaqu\u00edn Garc\u00eda Fernandez et Stephen Hill. J\u2019ai \u00e9galement\u00a0 suivi des formations\u00a0 \u00e0 l\u2019\u00e9cole de lutherie de San Miguel de Tucum\u00e1n en Argentine et obtenu mon dipl\u00f4me de luthier \u00e0 l\u2019\u00e9cole de Newark en Trent (Angleterre) en 2009. Inspir\u00e9 par le travail de certains grands ma\u00eetres\u00a0 comme Antonio de Torres, Herman Hauser I, Ignacio Fleta, j&rsquo;utilise des m\u00e9thodes traditionnelles et des bois anciens pour la fabrication de mes guitares. J\u2019ai choisi de m\u2019installer dans la ville de Mirecourt dans les Vosges en raison de sa riche histoire dans le domaine de la lutherie.<\/p>\n","protected":false},"author":1,"featured_media":0,"parent":0,"menu_order":0,"comment_status":"closed","ping_status":"closed","template":"elementor_header_footer","meta":{"footnotes":""},"class_list":["post-70","page","type-page","status-publish","hentry"],"_links":{"self":[{"href":"https:\/\/grupalliguitars.com\/francais\/wp-json\/wp\/v2\/pages\/70","targetHints":{"allow":["GET"]}}],"collection":[{"href":"https:\/\/grupalliguitars.com\/francais\/wp-json\/wp\/v2\/pages"}],"about":[{"href":"https:\/\/grupalliguitars.com\/francais\/wp-json\/wp\/v2\/types\/page"}],"author":[{"embeddable":true,"href":"https:\/\/grupalliguitars.com\/francais\/wp-json\/wp\/v2\/users\/1"}],"replies":[{"embeddable":true,"href":"https:\/\/grupalliguitars.com\/francais\/wp-json\/wp\/v2\/comments?post=70"}],"version-history":[{"count":22,"href":"https:\/\/grupalliguitars.com\/francais\/wp-json\/wp\/v2\/pages\/70\/revisions"}],"predecessor-version":[{"id":450,"href":"https:\/\/grupalliguitars.com\/francais\/wp-json\/wp\/v2\/pages\/70\/revisions\/450"}],"wp:attachment":[{"href":"https:\/\/grupalliguitars.com\/francais\/wp-json\/wp\/v2\/media?parent=70"}],"curies":[{"name":"wp","href":"https:\/\/api.w.org\/{rel}","templated":true}]}}